{"id":72,"date":"2026-04-11T21:43:29","date_gmt":"2026-04-11T21:43:29","guid":{"rendered":"https:\/\/multimediaconcerts.com\/?page_id=72"},"modified":"2026-04-11T23:43:54","modified_gmt":"2026-04-11T23:43:54","slug":"ko-smo-mi-i-sta-radimo","status":"publish","type":"page","link":"https:\/\/multimediaconcerts.com\/index.php\/ko-smo-mi-i-sta-radimo\/","title":{"rendered":"Ko smo mi i \u0161ta radimo?"},"content":{"rendered":"\n<div class=\"wp-block-columns is-layout-flex wp-container-core-columns-is-layout-28f84493 wp-block-columns-is-layout-flex\">\n<div class=\"wp-block-column is-layout-flow wp-block-column-is-layout-flow\" style=\"flex-basis:50%\"><\/div>\n\n\n\n<div class=\"wp-block-column is-layout-flow wp-block-column-is-layout-flow\" style=\"flex-basis:25%\"><\/div>\n<\/div>\n\n\n\n<h5 class=\"wp-block-heading has-text-align-left\"><code>MULTIMEDIA CONCERTS BEOGRAD<\/code><\/h5>\n\n\n\n<p class=\"has-text-align-left\">U svojim razli\u010ditim organizacionim oblicima i kroz prete\u017eno muzi\u010dke projekte, MULTIMEDIA CONCERTS je prisutan je na tr\u017ei\u0161tima Srbije, biv\u0161e Jugoslavije, Centralne i Jugoisto\u010dne Evrope od kraja 1980-ih. Ime kompanije, odabrano pre vi\u0161e od \u010detiri decenije, pokazalo se vizionarskim u pogledu svoje prirode i poslovanja \u2013 kada termin \u201emultimedia\u201c nije bio lingvisti\u010dki precizno definisan, niti u masovnoj cirkulaciji kao \u0161to je danas. U na\u0161oj organizaciji su zna\u010dajna imena iz internacionalnog muzi\u010dkog- zabavnog sveta gostovala kod nas. Izme\u0111u ostalih Tina Turner, Bob Dylan, Alice Cooper, Pat Metheny Group, Deep Purple, Simply Red, Jeff Beck, Wishbone Ash, Ken Hensley, Harlem Gospel Choir, Brian Ferry, Baletski ansambl Mojsejev, muzi\u010dko-baletski spektatkl Troja\u2026 Tako\u0111e smo asistirali partnerima u realizaciji koncerata kao \u0161to je bio Queen featuring Paul Rogers, Lenny Kravitz, Tom Jones i mnogi drugi.<\/p>\n\n\n\n<p class=\"has-text-align-left\"><br>Mi smo producenti\/promoteri koncerata i raznih zabavnih doga\u0111aja, kao i regionalni agent za rezervacije za nekoliko poznatih ameri\u010dkih, britanskih I nema\u010dkih izvo\u0111a\u010da, u saradnji sa MULTIMEDIA ORGANISATION HUNGARY, na\u0161om mati\u010dnom kompanijom. Proizvodimo sopstvene reklamne materijale I sadr\u017eaje, promotivne\/marketin\u0161ke kampanje, delujemo kao izdava\u010di muzi\u010dkih I video programa, proizvodimo materijale za TV, radio i \u010dasopise\/novine. Kona\u010dno, delujemo kao savetnici\/podizvo\u0111a\u010di na srpskom tr\u017ei\u0161tu za nekoliko me\u0111unarodnih kompanija u sli\u010dnoj delatnosti. Za sve va\u0161e potrebe vezane za industriju zabave &#8211; mi smo va\u0161i pouzdani partneri ili savetnici u upravljanju projektima i njihovoj implementaciji. Mi smo mali, ali efikasan I kreativan tim profesionalaca sa znanjem, iskustvom i vrhunskim referencama, koji se mo\u017ee pro\u0161iriti na nekoliko stotina de\u017eurnih zaposlenih, ako projekat to zahteva.<br><\/p>\n","protected":false},"excerpt":{"rendered":"<p>MULTIMEDIA CONCERTS BEOGRAD U svojim razli\u010ditim organizacionim oblicima i kroz prete\u017eno muzi\u010dke projekte, MULTIMEDIA CONCERTS je prisutan je na tr\u017ei\u0161tima Srbije, biv\u0161e Jugoslavije, Centralne i Jugoisto\u010dne Evrope od kraja 1980-ih. Ime kompanije, odabrano pre vi\u0161e od \u010detiri decenije, pokazalo se vizionarskim u pogledu svoje prirode i poslovanja \u2013 kada termin \u201emultimedia\u201c nije bio lingvisti\u010dki precizno [&hellip;]<\/p>\n","protected":false},"author":1,"featured_media":0,"parent":0,"menu_order":0,"comment_status":"closed","ping_status":"closed","template":"","meta":{"footnotes":""},"class_list":["post-72","page","type-page","status-publish","hentry"],"_links":{"self":[{"href":"https:\/\/multimediaconcerts.com\/index.php\/wp-json\/wp\/v2\/pages\/72","targetHints":{"allow":["GET"]}}],"collection":[{"href":"https:\/\/multimediaconcerts.com\/index.php\/wp-json\/wp\/v2\/pages"}],"about":[{"href":"https:\/\/multimediaconcerts.com\/index.php\/wp-json\/wp\/v2\/types\/page"}],"author":[{"embeddable":true,"href":"https:\/\/multimediaconcerts.com\/index.php\/wp-json\/wp\/v2\/users\/1"}],"replies":[{"embeddable":true,"href":"https:\/\/multimediaconcerts.com\/index.php\/wp-json\/wp\/v2\/comments?post=72"}],"version-history":[{"count":7,"href":"https:\/\/multimediaconcerts.com\/index.php\/wp-json\/wp\/v2\/pages\/72\/revisions"}],"predecessor-version":[{"id":98,"href":"https:\/\/multimediaconcerts.com\/index.php\/wp-json\/wp\/v2\/pages\/72\/revisions\/98"}],"wp:attachment":[{"href":"https:\/\/multimediaconcerts.com\/index.php\/wp-json\/wp\/v2\/media?parent=72"}],"curies":[{"name":"wp","href":"https:\/\/api.w.org\/{rel}","templated":true}]}}